{"id":83,"date":"2015-06-15T10:59:58","date_gmt":"2015-06-15T08:59:58","guid":{"rendered":"http:\/\/dev.prana4you.at\/?page_id=83"},"modified":"2022-08-01T13:32:14","modified_gmt":"2022-08-01T11:32:14","slug":"impressum","status":"publish","type":"page","link":"https:\/\/www.prana4you.at\/index.php\/impressum\/","title":{"rendered":"Impressum"},"content":{"rendered":"<div class=\"wpb-content-wrapper\">[vc_row inner_container=&#8220;&#8220; no_margin=&#8220;&#8220; padding_top=&#8220;0px&#8220; padding_bottom=&#8220;0px&#8220; border=&#8220;none&#8220; marginless_columns=&#8220;&#8220;][vc_column width=&#8220;1\/2&#8243; fade=&#8220;&#8220; fade_animation=&#8220;in&#8220; fade_animation_offset=&#8220;45px&#8220;][vc_column_text]<p align=\"LEFT\">Margit Weikartschl\u00e4ger MA BEd<br \/>\nAltmanns 92<br \/>\n3860 Heidenreichstein<\/p>\n<p align=\"LEFT\">www.prana4you.at<br \/>\nmara@prana4you.at<br \/>\nprana4you@gmx.at<\/p>\n[\/vc_column_text][\/vc_column][vc_column width=&#8220;1\/2&#8243; fade=&#8220;&#8220; fade_animation=&#8220;in&#8220; fade_animation_offset=&#8220;45px&#8220;][vc_column_text]<p><span lang=\"en-US\">WKO &#8211; s657<br \/>\n<\/span><span lang=\"en-US\">DVR-Nr.: 43061<br \/>\n<\/span>Gewerbeinformation<\/p>\n<p>\u00a7 13 GewO 1994<\/p>\n[\/vc_column_text][\/vc_column][\/vc_row][vc_row inner_container=&#8220;&#8220; no_margin=&#8220;&#8220; padding_top=&#8220;0px&#8220; padding_bottom=&#8220;0px&#8220; border=&#8220;none&#8220; marginless_columns=&#8220;&#8220;][vc_column fade=&#8220;&#8220; fade_animation=&#8220;in&#8220; fade_animation_offset=&#8220;45px&#8220;][vc_column_text]<p>Hilfestellung zur Erreichung einer k\u00f6rperlichen bzw. energetischen Ausgewogenheit mittels Bachbl\u00fcten, Biofeedback und Bioresonanz, Cranio Sacral Balancing, Auswahl von Farben, D\u00fcften, Lichtquellen, Aromastoffen, Edelsteinen, Musik, kinesiologischen Methoden, Aura-Interpretation, Einrichtungsberatung unter radi\u00e4stehetischen Grunds\u00e4tzen unter Einbeziehung des Feng Shui, Magnetfeldanwendung mit Ausnahme der den \u00c4rzten vorbehaltenen Magnetfeldtherapie, durch sanfte Ber\u00fchrung an bestimmten K\u00f6rperstellen mit Ausnahme der den reglementierten Gewerben der Massage und Kosmetik (Sch\u00f6nheitspflege) vorbehaltenen T\u00e4tigkeiten wie insbesondere Massagetechniken, die vergleichbar Akupressur und Shiatsu sind bzw. infolge W\u00e4rmeentwicklung und damit verbundener Optimierung der Durchblutung von Muskulatur oder Haut einen der Massage oder der Sch\u00f6nheitspflege gleichkommenden Effekt erzielte oder von solchen T\u00e4tigkeiten, die dem Massagegewerbe bzw. den Kosmetikern vorbehaltene Kenntnisseder Hygiene erfordern.<\/p>\n<div id=\"\" class=\"x-alert x-alert-danger x-alert-block\" style=\"\">\n<h5>Grundsatz:<\/h5>\n<p>Energetische Anwendungen aktivieren die Selbstheilungskr\u00e4fte Ihres K\u00f6rpers. Sie ersetzen keine medizinischen Behandlungen. Sie sind dazu da, das Wohlbefinden zu st\u00e4rken und die Schulmedizin sinnvoll zu erg\u00e4nzen. \u00c4rztliche Behandlungen gehen vor und d\u00fcrfen nicht unterbrochen werden. Pranic Healing Anwender stellen keine medizinischen Diagnosen. Sie behindern die medizinischen Behandlungen nicht. Pranic Healing Anwendungen k\u00f6nnen nahezu alle Therapien \u2013 mit Ausnahme von Strom und Mikrowelle \u2013 unterst\u00fctzen.<\/div><h4>Copyright<\/h4>\n<p>Sollte hier ein gesch\u00fctzter Markenname oder Trademark zu finden sein und Sie sind nicht einverstanden, so bitten wir um ein kurzes E-Mail, denn ich m\u00f6chte in keiner Art und Weise jemandem dadurch Schaden zuf\u00fcgen.<br \/>\nUm eine Verletzung von eventuellen Urheber- oder Markenschutzrechten vorzubeugen, ersuche ich Sie, mich sofort auf etwaige Verst\u00f6\u00dfe hinzuweisen.<br \/>\nDie eventuelle Verletzung erfolgte keinesfalls vors\u00e4tzlich.<br \/>\nIn begr\u00fcndeten F\u00e4llen werden ich den entsprechenden Inhalt unverz\u00fcglich entfernen.<\/p>\n<p>Ansonsten gilt:<br \/>\n\u00a9 Margit Weikartschl\u00e4ger<\/p>\n<p>Fotos und Inhalt: Alle Rechte vorbehalten.<\/p>\n<p>Technische Betreuung: Edgar Pfandler<\/p>\n<div id=\"\" class=\"x-alert x-alert-info x-alert-block\" style=\"\">F\u00fcr alle Links die zu externen Seiten au\u00dferhalb von www.prana4you.at f\u00fchren gilt:\u00a0Prana4You distanziert sich hiermit ausdr\u00fccklich von deren Inhalten!<\/div>[\/vc_column_text][\/vc_column][\/vc_row]\n<\/div>","protected":false},"excerpt":{"rendered":"<p>[vc_row inner_container=&#8220;&#8220; no_margin=&#8220;&#8220; padding_top=&#8220;0px&#8220; padding_bottom=&#8220;0px&#8220; border=&#8220;none&#8220; marginless_columns=&#8220;&#8220;][vc_column width=&#8220;1\/2&#8243; fade=&#8220;&#8220; fade_animation=&#8220;in&#8220; fade_animation_offset=&#8220;45px&#8220;][vc_column_text][\/vc_column_text][\/vc_column][vc_column width=&#8220;1\/2&#8243; fade=&#8220;&#8220; fade_animation=&#8220;in&#8220; fade_animation_offset=&#8220;45px&#8220;][vc_column_text][\/vc_column_text][\/vc_column][\/vc_row][vc_row inner_container=&#8220;&#8220; no_margin=&#8220;&#8220; padding_top=&#8220;0px&#8220; padding_bottom=&#8220;0px&#8220; border=&#8220;none&#8220; marginless_columns=&#8220;&#8220;][vc_column fade=&#8220;&#8220; fade_animation=&#8220;in&#8220; fade_animation_offset=&#8220;45px&#8220;][vc_column_text][\/vc_column_text][\/vc_column][\/vc_row]<\/p>\n","protected":false},"author":1,"featured_media":0,"parent":0,"menu_order":0,"comment_status":"closed","ping_status":"open","template":"","meta":{"footnotes":""},"class_list":["post-83","page","type-page","status-publish","hentry","no-post-thumbnail"],"_links":{"self":[{"href":"https:\/\/www.prana4you.at\/index.php\/wp-json\/wp\/v2\/pages\/83","targetHints":{"allow":["GET"]}}],"collection":[{"href":"https:\/\/www.prana4you.at\/index.php\/wp-json\/wp\/v2\/pages"}],"about":[{"href":"https:\/\/www.prana4you.at\/index.php\/wp-json\/wp\/v2\/types\/page"}],"author":[{"embeddable":true,"href":"https:\/\/www.prana4you.at\/index.php\/wp-json\/wp\/v2\/users\/1"}],"replies":[{"embeddable":true,"href":"https:\/\/www.prana4you.at\/index.php\/wp-json\/wp\/v2\/comments?post=83"}],"version-history":[{"count":6,"href":"https:\/\/www.prana4you.at\/index.php\/wp-json\/wp\/v2\/pages\/83\/revisions"}],"predecessor-version":[{"id":167,"href":"https:\/\/www.prana4you.at\/index.php\/wp-json\/wp\/v2\/pages\/83\/revisions\/167"}],"wp:attachment":[{"href":"https:\/\/www.prana4you.at\/index.php\/wp-json\/wp\/v2\/media?parent=83"}],"curies":[{"name":"wp","href":"https:\/\/api.w.org\/{rel}","templated":true}]}}