{"id":51,"date":"2015-06-08T20:12:10","date_gmt":"2015-06-08T18:12:10","guid":{"rendered":"http:\/\/dev.prana4you.at\/?page_id=51"},"modified":"2015-06-08T20:12:10","modified_gmt":"2015-06-08T18:12:10","slug":"karma","status":"publish","type":"page","link":"https:\/\/www.prana4you.at\/index.php\/karma\/","title":{"rendered":"\u56e0\u679c\u5831\u61c9 Karma"},"content":{"rendered":"<div class=\"wpb-content-wrapper\">[vc_row parallax=&#8220;&#8220; parallax_image=&#8220;&#8220; inner_container=&#8220;&#8220; no_margin=&#8220;&#8220; padding_top=&#8220;0px&#8220; padding_bottom=&#8220;0px&#8220; border=&#8220;none&#8220; marginless_columns=&#8220;&#8220;][vc_column fade=&#8220;&#8220; fade_animation=&#8220;in&#8220; fade_animation_offset=&#8220;45px&#8220; width=&#8220;1\/2&#8243;]<h4  class=\"h-custom-headline h4\" ><span>L\u00f6sung karmischer B\u00e4nder<\/span><\/h4><p>Sie haben oft Nackenschmerzen? Sind verspannt und wissen nicht woher das kommt? Sie haben das Gef\u00fchl Situationen schon einmal erlebt oder Geb\u00e4ude oder Menschen schon einmal gesehen zu haben?<\/p>\n<p>Lassen Sie sich von karmischen B\u00e4ndern befreien. Verabschieden Sie sich in Ruhe und Frieden von Menschen, die aus Ihrem Leben gegangen sind. L\u00f6sen Sie sich von Situationen, die Ihnen unangenehm waren. L\u00f6sen Sie sich von jenen Erlebnissen, die an Ihnen haften geblieben sind \u2013 sowohl in diesem, als auch in einem fr\u00fcheren Bewusstsein. Erleben Sie sich Ihre Einzigartigkeit und genie\u00dfen Sie das Gef\u00fchl neu gewonnener Freiheit.<\/p>\n[\/vc_column][vc_column fade=&#8220;&#8220; fade_animation=&#8220;in&#8220; fade_animation_offset=&#8220;45px&#8220; width=&#8220;1\/2&#8243;]<h4  class=\"h-custom-headline h4\" ><span>L\u00f6schung alter Strukturen<\/span><\/h4><p>Sie nehmen sich alles zu sehr zu Herzen? Sie sind oft den Tr\u00e4nen nahe und wissen nicht warum?<\/p>\n<p>Lassen Sie Erlebnisse los, die Sie in Ihrer Kindheit oder vielleicht sogar in einem fr\u00fcheren Leben aufgenommen haben und bis jetzt mit sich herumtragen. \u00d6ffnen Sie sich und schaffen Sie Raum f\u00fcr neue Energie!<\/p>\n[\/vc_column][\/vc_row]\n<\/div>","protected":false},"excerpt":{"rendered":"<p>[vc_row parallax=&#8220;&#8220; parallax_image=&#8220;&#8220; inner_container=&#8220;&#8220; no_margin=&#8220;&#8220; padding_top=&#8220;0px&#8220; padding_bottom=&#8220;0px&#8220; border=&#8220;none&#8220; marginless_columns=&#8220;&#8220;][vc_column fade=&#8220;&#8220; fade_animation=&#8220;in&#8220; fade_animation_offset=&#8220;45px&#8220; width=&#8220;1\/2&#8243;][\/vc_column][vc_column fade=&#8220;&#8220; fade_animation=&#8220;in&#8220; fade_animation_offset=&#8220;45px&#8220; width=&#8220;1\/2&#8243;][\/vc_column][\/vc_row]<\/p>\n","protected":false},"author":1,"featured_media":0,"parent":0,"menu_order":0,"comment_status":"closed","ping_status":"open","template":"","meta":{"footnotes":""},"class_list":["post-51","page","type-page","status-publish","hentry","no-post-thumbnail"],"_links":{"self":[{"href":"https:\/\/www.prana4you.at\/index.php\/wp-json\/wp\/v2\/pages\/51","targetHints":{"allow":["GET"]}}],"collection":[{"href":"https:\/\/www.prana4you.at\/index.php\/wp-json\/wp\/v2\/pages"}],"about":[{"href":"https:\/\/www.prana4you.at\/index.php\/wp-json\/wp\/v2\/types\/page"}],"author":[{"embeddable":true,"href":"https:\/\/www.prana4you.at\/index.php\/wp-json\/wp\/v2\/users\/1"}],"replies":[{"embeddable":true,"href":"https:\/\/www.prana4you.at\/index.php\/wp-json\/wp\/v2\/comments?post=51"}],"version-history":[{"count":1,"href":"https:\/\/www.prana4you.at\/index.php\/wp-json\/wp\/v2\/pages\/51\/revisions"}],"predecessor-version":[{"id":52,"href":"https:\/\/www.prana4you.at\/index.php\/wp-json\/wp\/v2\/pages\/51\/revisions\/52"}],"wp:attachment":[{"href":"https:\/\/www.prana4you.at\/index.php\/wp-json\/wp\/v2\/media?parent=51"}],"curies":[{"name":"wp","href":"https:\/\/api.w.org\/{rel}","templated":true}]}}