{"id":24,"date":"2015-06-03T20:47:32","date_gmt":"2015-06-03T18:47:32","guid":{"rendered":"http:\/\/dev.prana4you.at\/?page_id=24"},"modified":"2015-06-08T19:51:10","modified_gmt":"2015-06-08T17:51:10","slug":"wirbelsaeule","status":"publish","type":"page","link":"https:\/\/www.prana4you.at\/index.php\/wirbelsaeule\/","title":{"rendered":"\u810a\u67f1 Wirbels\u00e4ule"},"content":{"rendered":"<div class=\"wpb-content-wrapper\">[vc_row parallax=&#8220;&#8220; parallax_image=&#8220;&#8220; inner_container=&#8220;&#8220; no_margin=&#8220;&#8220; padding_top=&#8220;0px&#8220; padding_bottom=&#8220;0px&#8220; border=&#8220;none&#8220; marginless_columns=&#8220;&#8220;][vc_column fade=&#8220;&#8220; fade_animation=&#8220;in&#8220; fade_animation_offset=&#8220;45px&#8220; width=&#8220;1\/2&#8243;]<h4  class=\"h-custom-headline h4\" ><span><b>Ihr Nacken ist verspannt und Ihr R\u00fccken schmerzt?<\/b><br \/>\n<b>Sie k\u00f6nnen kaum noch stehen?<\/b><\/span><\/h4><p>Wenn sich der Atlas in einer ungesunden Lage befindet, ist er verantwortlich f\u00fcr verschiedenste Beschwerden und Symptome. Der Atlas ist der erste Halswirbel. Er tr\u00e4gt den Kopf als oberster Wirbel der Halswirbels\u00e4ule. Bei fast allen Menschen befindet sich der Atlaswirbel in einer Fehlstellung. Diese kann erfolgreich und dauerhaft energetisch korrigiert werden.Durch Handauflegen setzt ein sanftes Vibrieren der Faszien ein. Dadurch k\u00f6nnen sich Ihre Bandscheiben dehnen und Ihre Haltung korrigieren. So wie man ein Bild wieder zurechtr\u00fcckt, so sucht auch Ihr K\u00f6rper wieder die richtige Lage. Sie f\u00fchlen sich wieder angenehm und im Einklang mit sich selbst.<\/p>\n<p>Da der Atlas f\u00fcr Balance und Steuerung der Wirbels\u00e4ule und des menschlichen Skeletts verantwortlich ist, kann die K\u00f6rperhaltung ver\u00e4ndert werden und Schmerzen gelindert bzw. gel\u00f6scht werden. Kopfschmerzen, R\u00fcckenproblem, Gleichgewichtsst\u00f6rungen, Nackenschmerzen geh\u00f6ren somit der Vergangenheit an.<\/p>\n[\/vc_column][vc_column fade=&#8220;&#8220; fade_animation=&#8220;in&#8220; fade_animation_offset=&#8220;45px&#8220; width=&#8220;1\/2&#8243;]<p>Ihre Finger schlafen oft ein? Sie haben ein kribbeliges Gef\u00fchl in den Zehen?<\/p>\n<p>Sie leiden an Schlaflosigkeit, Kopfschmerzen und Migr\u00e4ne, Nackenschmerzen, Schmerzen beim Sitzen, Aufstehen und bei l\u00e4ngerem Stehen?<\/p>\n<p>Genie\u00dfen Sie eine Pranic-Healing Anwendung und \u00f6ffnen Sie Ihre Energiebahnen. Lassen Sie neue Energie durch Ihren K\u00f6rper str\u00f6men und Ihre Chakren beleben.<\/p>\n<p>Viele Menschen leiden an chronischen Schmerzen in der Lendenwirbels\u00e4ule, dem R\u00fccken, den Schultern sowie in vielen Gelenken. Die energetische Behandlung der Bandscheiben wirkt schmerzlindernd und kann diese in ihre nat\u00fcrliche Position zur\u00fcckbringen.<\/p>\n<p>Die Methode der energetischen Korrektur verringert Beschwerden und verhilft Ihnen zu neuer Vitalit\u00e4t und Lebensfreude.<\/p>\n[\/vc_column][\/vc_row]\n<\/div>","protected":false},"excerpt":{"rendered":"<p>[vc_row parallax=&#8220;&#8220; parallax_image=&#8220;&#8220; inner_container=&#8220;&#8220; no_margin=&#8220;&#8220; padding_top=&#8220;0px&#8220; padding_bottom=&#8220;0px&#8220; border=&#8220;none&#8220; marginless_columns=&#8220;&#8220;][vc_column fade=&#8220;&#8220; fade_animation=&#8220;in&#8220; fade_animation_offset=&#8220;45px&#8220; width=&#8220;1\/2&#8243;][\/vc_column][vc_column fade=&#8220;&#8220; fade_animation=&#8220;in&#8220; fade_animation_offset=&#8220;45px&#8220; width=&#8220;1\/2&#8243;][\/vc_column][\/vc_row]<\/p>\n","protected":false},"author":1,"featured_media":0,"parent":0,"menu_order":0,"comment_status":"closed","ping_status":"closed","template":"","meta":{"footnotes":""},"class_list":["post-24","page","type-page","status-publish","hentry","no-post-thumbnail"],"_links":{"self":[{"href":"https:\/\/www.prana4you.at\/index.php\/wp-json\/wp\/v2\/pages\/24","targetHints":{"allow":["GET"]}}],"collection":[{"href":"https:\/\/www.prana4you.at\/index.php\/wp-json\/wp\/v2\/pages"}],"about":[{"href":"https:\/\/www.prana4you.at\/index.php\/wp-json\/wp\/v2\/types\/page"}],"author":[{"embeddable":true,"href":"https:\/\/www.prana4you.at\/index.php\/wp-json\/wp\/v2\/users\/1"}],"replies":[{"embeddable":true,"href":"https:\/\/www.prana4you.at\/index.php\/wp-json\/wp\/v2\/comments?post=24"}],"version-history":[{"count":3,"href":"https:\/\/www.prana4you.at\/index.php\/wp-json\/wp\/v2\/pages\/24\/revisions"}],"predecessor-version":[{"id":38,"href":"https:\/\/www.prana4you.at\/index.php\/wp-json\/wp\/v2\/pages\/24\/revisions\/38"}],"wp:attachment":[{"href":"https:\/\/www.prana4you.at\/index.php\/wp-json\/wp\/v2\/media?parent=24"}],"curies":[{"name":"wp","href":"https:\/\/api.w.org\/{rel}","templated":true}]}}