{"id":22,"date":"2015-06-03T20:42:22","date_gmt":"2015-06-03T18:42:22","guid":{"rendered":"http:\/\/dev.prana4you.at\/?page_id=22"},"modified":"2015-06-08T19:47:41","modified_gmt":"2015-06-08T17:47:41","slug":"wohlbefinden","status":"publish","type":"page","link":"https:\/\/www.prana4you.at\/index.php\/wohlbefinden\/","title":{"rendered":"\u798f\u5229 Wohlbefinden"},"content":{"rendered":"<div class=\"wpb-content-wrapper\">[vc_row parallax=&#8220;&#8220; parallax_image=&#8220;&#8220; inner_container=&#8220;&#8220; no_margin=&#8220;&#8220; padding_top=&#8220;0px&#8220; padding_bottom=&#8220;0px&#8220; border=&#8220;none&#8220; marginless_columns=&#8220;&#8220;][vc_column fade=&#8220;&#8220; fade_animation=&#8220;in&#8220; fade_animation_offset=&#8220;45px&#8220; width=&#8220;2\/3&#8243;]<h4  class=\"h-custom-headline h4\" ><span>L\u00f6schung von Allergien<\/span><\/h4><p>Allergien beschr\u00e4nken die Lebensqualit\u00e4t und treten oft schon in der Kindheit auf. Sie leiden unter geschwollenen Augen, Heuschnupfen, Juckreiz, Atemnot oder bekommen einen Hautausschlag?<\/p>\n<p>Die Methode der Allergieharmonisierung ist rein energetisch und kann &#8211; nach bisherigen Erfahrungen dauerhaft &#8211; nach nur f\u00fcnf Sitzungen gel\u00f6scht werden. Bisher wurden gute Erfahrungen gemacht bei Nahrungsmittelallergien, Tierhaaren, Insektengiften, Gr\u00e4sern, Birken, Str\u00e4uchern, \u2026<\/p>\n<p>Lernen Sie, sich wieder unbeschwert in der freien Natur bewegen zu k\u00f6nnen!<\/p>\n[\/vc_column][vc_column fade=&#8220;&#8220; fade_animation=&#8220;in&#8220; fade_animation_offset=&#8220;45px&#8220; width=&#8220;1\/3&#8243;]<div id=\"\" class=\"x-alert x-alert-warning x-alert-block\" style=\"\">Heuschnupfen<\/div><div id=\"\" class=\"x-alert x-alert-warning x-alert-block\" style=\"\">Neurodermitis<\/div>[\/vc_column][\/vc_row]\n<\/div>","protected":false},"excerpt":{"rendered":"<p>[vc_row parallax=&#8220;&#8220; parallax_image=&#8220;&#8220; inner_container=&#8220;&#8220; no_margin=&#8220;&#8220; padding_top=&#8220;0px&#8220; padding_bottom=&#8220;0px&#8220; border=&#8220;none&#8220; marginless_columns=&#8220;&#8220;][vc_column fade=&#8220;&#8220; fade_animation=&#8220;in&#8220; fade_animation_offset=&#8220;45px&#8220; width=&#8220;2\/3&#8243;][\/vc_column][vc_column fade=&#8220;&#8220; fade_animation=&#8220;in&#8220; fade_animation_offset=&#8220;45px&#8220; width=&#8220;1\/3&#8243;][\/vc_column][\/vc_row]<\/p>\n","protected":false},"author":1,"featured_media":0,"parent":0,"menu_order":0,"comment_status":"closed","ping_status":"closed","template":"","meta":{"footnotes":""},"class_list":["post-22","page","type-page","status-publish","hentry","no-post-thumbnail"],"_links":{"self":[{"href":"https:\/\/www.prana4you.at\/index.php\/wp-json\/wp\/v2\/pages\/22","targetHints":{"allow":["GET"]}}],"collection":[{"href":"https:\/\/www.prana4you.at\/index.php\/wp-json\/wp\/v2\/pages"}],"about":[{"href":"https:\/\/www.prana4you.at\/index.php\/wp-json\/wp\/v2\/types\/page"}],"author":[{"embeddable":true,"href":"https:\/\/www.prana4you.at\/index.php\/wp-json\/wp\/v2\/users\/1"}],"replies":[{"embeddable":true,"href":"https:\/\/www.prana4you.at\/index.php\/wp-json\/wp\/v2\/comments?post=22"}],"version-history":[{"count":4,"href":"https:\/\/www.prana4you.at\/index.php\/wp-json\/wp\/v2\/pages\/22\/revisions"}],"predecessor-version":[{"id":46,"href":"https:\/\/www.prana4you.at\/index.php\/wp-json\/wp\/v2\/pages\/22\/revisions\/46"}],"wp:attachment":[{"href":"https:\/\/www.prana4you.at\/index.php\/wp-json\/wp\/v2\/media?parent=22"}],"curies":[{"name":"wp","href":"https:\/\/api.w.org\/{rel}","templated":true}]}}